{"id":994,"date":"2018-07-18T20:42:40","date_gmt":"2018-07-18T20:42:40","guid":{"rendered":"http:\/\/www.mokandanisman.com\/?page_id=994"},"modified":"2018-07-18T21:39:25","modified_gmt":"2018-07-18T21:39:25","slug":"sebze-suyu","status":"publish","type":"page","link":"http:\/\/www.mokandanisman.com\/?page_id=994","title":{"rendered":"Sebze Suyu"},"content":{"rendered":"<p>[vc_row][vc_column][vc_custom_heading text=&#8221;Sebze Suyu \u00c7e\u015fitlerimiz&#8221; font_container=&#8221;tag:h2|text_align:center&#8221; google_fonts=&#8221;font_family:Alex%20Brush%3Aregular|font_style:400%20regular%3A400%3Anormal&#8221; css_animation=&#8221;bounceInDown&#8221;][\/vc_column][\/vc_row][vc_row][vc_column width=&#8221;1\/4&#8243;][vc_single_image image=&#8221;351&#8243; img_size=&#8221;medium&#8221; alignment=&#8221;center&#8221; style=&#8221;vc_box_shadow_3d&#8221; onclick=&#8221;link_image&#8221; css_animation=&#8221;fadeInLeft&#8221;][\/vc_column][vc_column width=&#8221;3\/4&#8243;][vc_cta h2=&#8221;Detoks I\u00e7ecegi&#8221; h2_google_fonts=&#8221;font_family:Alex%20Brush%3Aregular|font_style:400%20regular%3A400%3Anormal&#8221; h4=&#8221;salatal\u0131k, lahana, nane, maydanoz, kivi, limon, zencefil, ye\u015fil elma&#8221; h4_font_container=&#8221;font_size:30&#8243; h4_google_fonts=&#8221;font_family:Acme%3Aregular|font_style:400%20regular%3A400%3Anormal&#8221; add_icon=&#8221;left&#8221; i_icon_fontawesome=&#8221;icon-tag-light&#8221; i_size=&#8221;xl&#8221; css_animation=&#8221;bounceIn&#8221; use_custom_fonts_h2=&#8221;true&#8221; use_custom_fonts_h4=&#8221;true&#8221; i_on_border=&#8221;true&#8221;]Di\u00fcretik, \u00d6dem \u00e7\u00f6z\u00fcc\u00fc, antioksidan (Glutathion, lutein\u2026\u2026), kan \u015fekeri d\u00fc\u015f\u00fcr\u00fcc\u00fc, ba\u011f\u0131\u015f\u0131k sistemi g\u00fc\u00e7lendirici<\/p>\n<p>C vitamini (askorbik asit), A vitamini.,Calcium , B3 vitamini, B6 vitamini (niasin) , k. vitamini[\/vc_cta][\/vc_column][\/vc_row][vc_row][vc_column width=&#8221;2\/3&#8243;][vc_cta h2=&#8221;Metabolizma h\u0131zland\u0131r\u0131c\u0131&#8221; h2_google_fonts=&#8221;font_family:Alex%20Brush%3Aregular|font_style:400%20regular%3A400%3Anormal&#8221; h4=&#8221;ac\u0131 biber, k\u0131rm\u0131z\u0131 biber, salatal\u0131k, elma, lahana, pancar, zencefil, limon&#8221; h4_font_container=&#8221;font_size:30&#8243; h4_google_fonts=&#8221;font_family:Acme%3Aregular|font_style:400%20regular%3A400%3Anormal&#8221; add_icon=&#8221;right&#8221; i_icon_fontawesome=&#8221;icon-tag-light&#8221; i_size=&#8221;xl&#8221; i_css_animation=&#8221;fadeInRightBig&#8221; css_animation=&#8221;bounceIn&#8221; use_custom_fonts_h2=&#8221;true&#8221; use_custom_fonts_h4=&#8221;true&#8221; i_on_border=&#8221;true&#8221;]Metabolizma h\u0131zland\u0131rma, di\u00fcretik, kan \u015fekeri d\u00fczenleyici, antioksidan,<\/p>\n<p>E vitamini, k Vitamini, \u00a0B1 vitamini (tiamin), B2 vitamini (riboflavin), B6 vitamini (niasin), B9 vitamini (folik asit i\u00e7erir ), C vitamini (askorbik asit) ve P vitamini (sitrin biyoflavonoid)[\/vc_cta][\/vc_column][vc_column width=&#8221;1\/3&#8243; hide_bg_image_on_tablet=&#8221;&#8221; hide_bg_image_on_mobile=&#8221;&#8221;][vc_single_image image=&#8221;231&#8243; img_size=&#8221;medium&#8221; alignment=&#8221;center&#8221; style=&#8221;vc_box_shadow_3d&#8221; onclick=&#8221;link_image&#8221; css_animation=&#8221;fadeInLeft&#8221; css=&#8221;.vc_custom_1531948854738{margin-top: 70px !important;}&#8221;][\/vc_column][\/vc_row][vc_row][vc_column width=&#8221;1\/4&#8243;][vc_single_image image=&#8221;230&#8243; img_size=&#8221;medium&#8221; alignment=&#8221;center&#8221; style=&#8221;vc_box_shadow_3d&#8221; onclick=&#8221;link_image&#8221; css_animation=&#8221;fadeInLeft&#8221; css=&#8221;.vc_custom_1531949575714{margin-top: 50px !important;}&#8221;][\/vc_column][vc_column width=&#8221;3\/4&#8243;][vc_cta h2=&#8221;Anti-Aging 1&#8243; h2_google_fonts=&#8221;font_family:Alex%20Brush%3Aregular|font_style:400%20regular%3A400%3Anormal&#8221; h4=&#8221;avakado, brokoli, marul, salatal\u0131k, nane, kereviz yapra\u011f\u0131, portakal, limon, havu\u00e7&#8221; h4_font_container=&#8221;font_size:30&#8243; h4_google_fonts=&#8221;font_family:Acme%3Aregular|font_style:400%20regular%3A400%3Anormal&#8221; add_icon=&#8221;left&#8221; i_icon_fontawesome=&#8221;icon-tag-light&#8221; i_size=&#8221;xl&#8221; i_css_animation=&#8221;fadeInRightBig&#8221; css_animation=&#8221;bounceIn&#8221; use_custom_fonts_h2=&#8221;true&#8221; use_custom_fonts_h4=&#8221;true&#8221; i_on_border=&#8221;true&#8221;]H\u00fccre yenileme, antioksidan, kanser \u00f6nleyici, kolesterol d\u00fczenleyici,di\u00fcretik, tansiyon d\u00fczenleyici<\/p>\n<p>A vitamini, K vitamini, C vitamini (askorbik asit) \u00a0, B1 vitamini (tiamin), B2 vitamini (riboflavin), B6 vitamini (niasin), B9 vitamini (folik asit i\u00e7erir ) , eEvitamini. M vitamini, d.vitamini[\/vc_cta][\/vc_column][\/vc_row][vc_row][vc_column width=&#8221;2\/3&#8243;][vc_cta h2=&#8221;Anti-Aging 2&#8243; h2_google_fonts=&#8221;font_family:Alex%20Brush%3Aregular|font_style:400%20regular%3A400%3Anormal&#8221; h4=&#8221;nar, mor lahana, \u015falgam, \u00e7ilek, limon&#8221; h4_font_container=&#8221;font_size:30&#8243; h4_google_fonts=&#8221;font_family:Acme%3Aregular|font_style:400%20regular%3A400%3Anormal&#8221; add_icon=&#8221;right&#8221; i_icon_fontawesome=&#8221;icon-tag-light&#8221; i_size=&#8221;xl&#8221; i_css_animation=&#8221;fadeInRightBig&#8221; css_animation=&#8221;bounceIn&#8221; use_custom_fonts_h2=&#8221;true&#8221; use_custom_fonts_h4=&#8221;true&#8221; i_on_border=&#8221;true&#8221;]H\u00fccre yenileme, antioksidan, ins\u00fclin d\u00fczenleyici, zeka art\u0131c\u0131, kan suland\u0131r\u0131c\u0131, doku onar\u0131c\u0131<\/p>\n<p>S\u00fclf\u00fcr, C vitamini (askorbik asit), \u00e7inko, magnezyum, calcium[\/vc_cta][\/vc_column][vc_column width=&#8221;1\/3&#8243; hide_bg_image_on_tablet=&#8221;&#8221; hide_bg_image_on_mobile=&#8221;&#8221;][vc_single_image image=&#8221;959&#8243; img_size=&#8221;medium&#8221; alignment=&#8221;center&#8221; style=&#8221;vc_box_shadow_3d&#8221; onclick=&#8221;link_image&#8221; css_animation=&#8221;fadeInLeft&#8221; css=&#8221;.vc_custom_1531949457414{margin-top: 70px !important;}&#8221;][\/vc_column][\/vc_row][vc_row][vc_column width=&#8221;1\/4&#8243;][vc_single_image image=&#8221;816&#8243; img_size=&#8221;medium&#8221; alignment=&#8221;center&#8221; style=&#8221;vc_box_shadow_3d&#8221; onclick=&#8221;link_image&#8221; css_animation=&#8221;fadeInLeft&#8221; css=&#8221;.vc_custom_1531949559965{margin-top: 50px !important;}&#8221;][\/vc_column][vc_column width=&#8221;3\/4&#8243;][vc_cta h2=&#8221;Anti-Aging 3&#8243; h2_google_fonts=&#8221;font_family:Alex%20Brush%3Aregular|font_style:400%20regular%3A400%3Anormal&#8221; h4=&#8221;avakado, pancar, maydanoz, kapak, salatal\u0131k, nane, limon&#8221; h4_font_container=&#8221;font_size:30&#8243; h4_google_fonts=&#8221;font_family:Acme%3Aregular|font_style:400%20regular%3A400%3Anormal&#8221; add_icon=&#8221;left&#8221; i_icon_fontawesome=&#8221;icon-tag-light&#8221; i_size=&#8221;xl&#8221; i_css_animation=&#8221;fadeInRightBig&#8221; css_animation=&#8221;bounceIn&#8221; use_custom_fonts_h2=&#8221;true&#8221; use_custom_fonts_h4=&#8221;true&#8221; i_on_border=&#8221;true&#8221;]H\u00fccre yenileme, antioksidan, kanser \u00f6nleyici, kolesterol d\u00fczenleyici,di\u00fcretik, tansiyon d\u00fczenleyici<\/p>\n<p>E vitamini , B1 vitamini (tiamin), B2 vitamini (riboflavin), B6 vitamini (niasin), B9 vitamini (folik asit i\u00e7erir ), C vitamini (askorbik asit) ve P vitamini (sitrin biyoflavonoid[\/vc_cta][\/vc_column][\/vc_row][vc_row][vc_column width=&#8221;2\/3&#8243;][vc_cta h2=&#8221;V\u00fccut Direnci Art\u0131r\u0131c\u0131&#8221; h2_google_fonts=&#8221;font_family:Alex%20Brush%3Aregular|font_style:400%20regular%3A400%3Anormal&#8221; h4=&#8221;portakal, ye\u015fil biber, pancar veya \u0131spanak, kereviz yapra\u011f\u0131 , havu\u00e7, limon, zencefil&#8221; h4_font_container=&#8221;font_size:30&#8243; h4_google_fonts=&#8221;font_family:Acme%3Aregular|font_style:400%20regular%3A400%3Anormal&#8221; add_icon=&#8221;right&#8221; i_icon_fontawesome=&#8221;icon-tag-light&#8221; i_size=&#8221;xl&#8221; i_css_animation=&#8221;fadeInRightBig&#8221; css_animation=&#8221;bounceIn&#8221; use_custom_fonts_h2=&#8221;true&#8221; use_custom_fonts_h4=&#8221;true&#8221; i_on_border=&#8221;true&#8221;]Antioksidan, v\u00fccut direnci art\u0131r\u0131c\u0131<\/p>\n<p>C vitamini (askorbik asit), B6 vitamini, potasyum, folik asit, niasin,\u00a0 tiamin , e vitamini. M vitamini,[\/vc_cta][\/vc_column][vc_column width=&#8221;1\/3&#8243; hide_bg_image_on_tablet=&#8221;&#8221; hide_bg_image_on_mobile=&#8221;&#8221;][vc_single_image image=&#8221;71&#8243; img_size=&#8221;medium&#8221; alignment=&#8221;center&#8221; style=&#8221;vc_box_shadow_3d&#8221; onclick=&#8221;link_image&#8221; css_animation=&#8221;fadeInLeft&#8221; css=&#8221;.vc_custom_1531949544625{margin-top: 70px !important;}&#8221;][\/vc_column][\/vc_row]<\/p>\n","protected":false},"excerpt":{"rendered":"<p>[vc_row][vc_column][vc_custom_heading text=&#8221;Sebze Suyu \u00c7e\u015fitlerimiz&#8221; font_container=&#8221;tag:h2|text_align:center&#8221; google_fonts=&#8221;font_family:Alex%20Brush%3Aregular|font_style:400%20regular%3A400%3Anormal&#8221; css_animation=&#8221;bounceInDown&#8221;][\/vc_column][\/vc_row][vc_row][vc_column width=&#8221;1\/4&#8243;][vc_single_image image=&#8221;351&#8243; img_size=&#8221;medium&#8221; alignment=&#8221;center&#8221; style=&#8221;vc_box_shadow_3d&#8221; onclick=&#8221;link_image&#8221; css_animation=&#8221;fadeInLeft&#8221;][\/vc_column][vc_column width=&#8221;3\/4&#8243;][vc_cta h2=&#8221;Detoks I\u00e7ecegi&#8221; h2_google_fonts=&#8221;font_family:Alex%20Brush%3Aregular|font_style:400%20regular%3A400%3Anormal&#8221; h4=&#8221;salatal\u0131k, lahana, nane, maydanoz, kivi, limon, zencefil, ye\u015fil elma&#8221; h4_font_container=&#8221;font_size:30&#8243; h4_google_fonts=&#8221;font_family:Acme%3Aregular|font_style:400%20regular%3A400%3Anormal&#8221; add_icon=&#8221;left&#8221;&hellip;<\/p>\n","protected":false},"author":1,"featured_media":0,"parent":0,"menu_order":0,"comment_status":"closed","ping_status":"closed","template":"","meta":[],"_links":{"self":[{"href":"http:\/\/www.mokandanisman.com\/index.php?rest_route=\/wp\/v2\/pages\/994"}],"collection":[{"href":"http:\/\/www.mokandanisman.com\/index.php?rest_route=\/wp\/v2\/pages"}],"about":[{"href":"http:\/\/www.mokandanisman.com\/index.php?rest_route=\/wp\/v2\/types\/page"}],"author":[{"embeddable":true,"href":"http:\/\/www.mokandanisman.com\/index.php?rest_route=\/wp\/v2\/users\/1"}],"replies":[{"embeddable":true,"href":"http:\/\/www.mokandanisman.com\/index.php?rest_route=%2Fwp%2Fv2%2Fcomments&post=994"}],"version-history":[{"count":12,"href":"http:\/\/www.mokandanisman.com\/index.php?rest_route=\/wp\/v2\/pages\/994\/revisions"}],"predecessor-version":[{"id":1008,"href":"http:\/\/www.mokandanisman.com\/index.php?rest_route=\/wp\/v2\/pages\/994\/revisions\/1008"}],"wp:attachment":[{"href":"http:\/\/www.mokandanisman.com\/index.php?rest_route=%2Fwp%2Fv2%2Fmedia&parent=994"}],"curies":[{"name":"wp","href":"https:\/\/api.w.org\/{rel}","templated":true}]}}