{"id":449,"date":"2017-10-12T14:48:47","date_gmt":"2017-10-12T14:48:47","guid":{"rendered":"http:\/\/www.mokandanisman.com\/?page_id=449"},"modified":"2020-06-01T14:18:07","modified_gmt":"2020-06-01T14:18:07","slug":"home-2","status":"publish","type":"page","link":"http:\/\/www.mokandanisman.com\/","title":{"rendered":"Home 2"},"content":{"rendered":"<p>[vc_row full_width=&#8221;stretch_row_content_no_spaces&#8221;][vc_column][rev_slider_vc alias=&#8221;home2&#8243;][\/vc_column][\/vc_row][vc_row full_width=&#8221;stretch_row&#8221; hide_bg_image_on_tablet=&#8221;&#8221; hide_bg_image_on_mobile=&#8221;&#8221; css=&#8221;.vc_custom_1507811954673{background-color: #213670 !important;}&#8221;][vc_column][vc_empty_space alter_height=&#8221;medium&#8221; hide_on_desktop=&#8221;&#8221; hide_on_notebook=&#8221;&#8221; hide_on_tablet=&#8221;&#8221; hide_on_mobile=&#8221;&#8221; css=&#8221;.vc_custom_1514274680574{margin-top: 1.4rem !important;}&#8221;]<div id=\"sc_services_955242506\" class=\"sc_services color_style_dark sc_services_callouts sc_services_featured_left\"><div class=\"sc_services_columns_wrap sc_item_columns sc_item_columns_3 trx_addons_columns_wrap columns_padding_bottom\"><div class=\"trx_addons_column-1_3\"><div class=\"sc_services_item with_content with_image sc_services_item_featured_left\">\n\t<div class=\"sc_services_item_marker_bg\"><\/div><div class=\"sc_services_item_thumb sc_services_item_marker\" style=\"background-image: url(http:\/\/www.mokandanisman.com\/wp-content\/uploads\/2017\/10\/aybikeatacayasamkocu.jpg);\"><\/div><div class=\"sc_services_item_thumb sc_services_item_marker sc_services_item_marker_back\" style=\"background-image: url(http:\/\/www.mokandanisman.com\/wp-content\/uploads\/2017\/10\/aybikeatacayasamkocu.jpg);\"><\/div>\t\n\t<div class=\"sc_services_item_info\">\n\t\t<div class=\"sc_services_item_header\">\n\t\t\t<h4 class=\"sc_services_item_title\"><a href=\"http:\/\/www.mokandanisman.com\/?cpt_services=enjoy-your-perfect-fit-body\">YA\u015eAM KO\u00c7UNA \u0130HT\u0130YACIM VAR MI?<\/a><\/h4>\n\t\t\t<div class=\"sc_services_item_subtitle\"><a href=\"http:\/\/www.mokandanisman.com\/?cpt_services_group=home-top\" title=\"View all posts in Home Top\">Home Top<\/a><\/div>\n\t\t<\/div>\n\t\t\t\t\t<div class=\"sc_services_item_content\"><p>&#8211;\u00a0\u00a0\u00a0\u00a0\u00a0\u00a0 Ya\u015famlar\u0131na daha fazla\u00a0 mutluluk ve keyif katmak isteyenler.. &#8211;\u00a0\u00a0\u00a0\u00a0\u00a0\u00a0 Ya\u015famlar\u0131nda \u00e7\u00f6z\u00fcmleyemedikleri bir sorunla kar\u015f\u0131la\u015fanlar.. &#8211;\u00a0\u00a0\u00a0\u00a0\u00a0\u00a0 Kariyerini de\u011fi\u015ftirmek veya geli\u015ftirmek ve yeni kararlar almak isteyenler. &#8211;\u00a0\u00a0\u00a0\u00a0\u00a0\u00a0 Ya\u015famlar\u0131na daha fazla bolluk&hellip;<\/p>\n<\/div>\n\t\t\t<div class=\"sc_services_item_button sc_item_button\"><a href=\"http:\/\/www.mokandanisman.com\/?cpt_services=enjoy-your-perfect-fit-body\" class=\"sc_button sc_button_simple color_style_link3\">\u0130ncele?<\/a><\/div>\n\t\t\t<\/div>\n<\/div>\n<\/div><div class=\"trx_addons_column-1_3\"><div class=\"sc_services_item with_content with_image sc_services_item_featured_left\">\n\t<div class=\"sc_services_item_marker_bg\"><\/div><div class=\"sc_services_item_thumb sc_services_item_marker\" style=\"background-image: url(http:\/\/www.mokandanisman.com\/wp-content\/uploads\/2017\/10\/kilo-int.jpg);\"><\/div><div class=\"sc_services_item_thumb sc_services_item_marker sc_services_item_marker_back\" style=\"background-image: url(http:\/\/www.mokandanisman.com\/wp-content\/uploads\/2017\/10\/kilo-int.jpg);\"><\/div>\t\n\t<div class=\"sc_services_item_info\">\n\t\t<div class=\"sc_services_item_header\">\n\t\t\t<h4 class=\"sc_services_item_title\"><a href=\"http:\/\/www.mokandanisman.com\/?cpt_services=health-diet-guide\">K\u0130LO ALMA NEDENLER\u0130 ve NASIL K\u0130LO VEREB\u0130L\u0130R\u0130Z<\/a><\/h4>\n\t\t\t<div class=\"sc_services_item_subtitle\"><a href=\"http:\/\/www.mokandanisman.com\/?cpt_services_group=home-top\" title=\"View all posts in Home Top\">Home Top<\/a><\/div>\n\t\t<\/div>\n\t\t\t\t\t<div class=\"sc_services_item_content\"><p>1- V\u00fccut metabolizmas\u0131nda h\u00fccrelerin ya\u011f ve \u015feker(glikoz) yak\u0131m\u0131nda g\u00f6revli hormon, mineral veya vitaminlerde olu\u015fabilecek metabolik bozukluklar&#8230;.Hipotroit(troit hormonun az \u00e7al\u0131\u015fmas\u0131 veya h\u00fccrenin aktif hormona ula\u015famamas\u0131), ins\u00fclin direnci, d vitamini eksikli\u011fi, calsium&hellip;<\/p>\n<\/div>\n\t\t\t<div class=\"sc_services_item_button sc_item_button\"><a href=\"http:\/\/www.mokandanisman.com\/?cpt_services=health-diet-guide\" class=\"sc_button sc_button_simple color_style_link3\">\u0130ncele?<\/a><\/div>\n\t\t\t<\/div>\n<\/div>\n<\/div><div class=\"trx_addons_column-1_3\"><div class=\"sc_services_item with_content with_image sc_services_item_featured_left\">\n\t<div class=\"sc_services_item_marker_bg\"><\/div><div class=\"sc_services_item_thumb sc_services_item_marker\" style=\"background-image: url(http:\/\/www.mokandanisman.com\/wp-content\/uploads\/2018\/07\/kuantum-fizigi-1.jpg);\"><\/div><div class=\"sc_services_item_thumb sc_services_item_marker sc_services_item_marker_back\" style=\"background-image: url(http:\/\/www.mokandanisman.com\/wp-content\/uploads\/2018\/07\/kuantum-fizigi-1.jpg);\"><\/div>\t\n\t<div class=\"sc_services_item_info\">\n\t\t<div class=\"sc_services_item_header\">\n\t\t\t<h4 class=\"sc_services_item_title\"><a href=\"http:\/\/www.mokandanisman.com\/?cpt_services=weight-loss-guide\">KUANTUM KO\u00c7\u2019LU\u011eA GENEL BAKI\u015e<\/a><\/h4>\n\t\t\t<div class=\"sc_services_item_subtitle\"><a href=\"http:\/\/www.mokandanisman.com\/?cpt_services_group=home-top\" title=\"View all posts in Home Top\">Home Top<\/a><\/div>\n\t\t<\/div>\n\t\t\t\t\t<div class=\"sc_services_item_content\"><p>\u00c7a\u011f\u0131m\u0131z\u0131n fiziksel anlamda kolayla\u015fan, \u00a0psikolojik olarak a\u011f\u0131rla\u015fan ya\u015fam ko\u015fullar\u0131, her kesimden her insan i\u00e7in \u00e7e\u015fitli dozlarda strese maruz kalmas\u0131na, bunun a\u011f\u0131r bedeli olarak da bize \u00a0mutsuzluklar, hastal\u0131klar, sorunlar ve bereketsizliklere&hellip;<\/p>\n<\/div>\n\t\t\t<div class=\"sc_services_item_button sc_item_button\"><a href=\"http:\/\/www.mokandanisman.com\/?cpt_services=weight-loss-guide\" class=\"sc_button sc_button_simple color_style_link3\">\u0130ncele?<\/a><\/div>\n\t\t\t<\/div>\n<\/div>\n<\/div><\/div><\/div><!-- \/.sc_services -->[\/vc_column][\/vc_row][vc_row full_width=&#8221;stretch_row&#8221; hide_bg_image_on_tablet=&#8221;&#8221; hide_bg_image_on_mobile=&#8221;&#8221; css=&#8221;.vc_custom_1514377959771{background-color: #f7f7f7 !important;}&#8221;][vc_column fix_column=&#8221;&#8221; hide_bg_image_on_tablet=&#8221;&#8221; hide_bg_image_on_mobile=&#8221;&#8221;]<div class=\"sc_layouts sc_layouts_default sc_layouts_676\">[vc_row][vc_column icons_position=\"left\"][vc_empty_space height=\"0\" hide_on_desktop=\"\" hide_on_notebook=\"\" hide_on_tablet=\"\" hide_on_mobile=\"\" css=\".vc_custom_1591020455192{margin-top: 0.55rem !important;}\"]<div id=\"sc_services_1093653471\" class=\"sc_services color_style_default sc_services_default sc_services_featured_top\"><div class=\"sc_services_columns_wrap sc_item_columns sc_item_columns_3 trx_addons_columns_wrap columns_padding_bottom\"><div class=\"trx_addons_column-1_3\"><div class=\"sc_services_item with_content with_image sc_services_item_featured_top\">\n\t<div class=\"post_featured with_thumb hover_dots sc_services_item_thumb\"><img width=\"410\" height=\"218\" src=\"http:\/\/www.mokandanisman.com\/wp-content\/uploads\/2017\/10\/post-30-410x218.jpg\" class=\"attachment-gracioza-thumb-information size-gracioza-thumb-information wp-post-image\" alt=\"\" loading=\"lazy\" srcset=\"http:\/\/www.mokandanisman.com\/wp-content\/uploads\/2017\/10\/post-30-410x218.jpg 410w, http:\/\/www.mokandanisman.com\/wp-content\/uploads\/2017\/10\/post-30-820x436.jpg 820w\" sizes=\"(max-width: 410px) 100vw, 410px\" \/><div class=\"mask\"><\/div><a href=\"http:\/\/www.mokandanisman.com\/?cpt_services=the-flat-belly-foods-diet-program\" aria-hidden=\"true\" class=\"icons\"><span><\/span><span><\/span><span><\/span><\/a><\/div>\t\n\t<div class=\"sc_services_item_info\">\n\t\t<div class=\"sc_services_item_header\">\n\t\t\t<h4 class=\"sc_services_item_title\"><a href=\"http:\/\/www.mokandanisman.com\/?cpt_services=the-flat-belly-foods-diet-program\">ZAYIFLAMA PROGRAMIMIZ<\/a><\/h4>\n\t\t\t<div class=\"sc_services_item_subtitle\"><a href=\"http:\/\/www.mokandanisman.com\/?cpt_services_group=main-rules\" title=\"View all posts in Main Rules\">Main Rules, <\/a><a href=\"http:\/\/www.mokandanisman.com\/?cpt_services_group=programs\" title=\"View all posts in Programs\">Programs<\/a><\/div>\n\t\t<\/div>\n\t\t\t\t\t<div class=\"sc_services_item_content\"><p>Diyet program\u0131n ba\u015far\u0131s\u0131; sa\u011fl\u0131k durumunuzu daha iyiye g\u00f6t\u00fcrecek prensipler kazanabildiniz mi?&#8230;..Verdi\u011finiz kiloda ne kadar s\u00fcre kald\u0131n\u0131z?&#8230;..Kilo verirken sinirli, huzursuz ve mutsuz hissetiniz mi?&#8230;..Sa\u011fl\u0131kl\u0131 ya\u015famak i\u00e7in kendi do\u011frular\u0131n\u0131z\u0131 olu\u015fturdunuz mu?&#8230;..<\/p>\n<\/div>\n\t\t\t<div class=\"sc_services_item_button sc_item_button\"><a href=\"http:\/\/www.mokandanisman.com\/?cpt_services=the-flat-belly-foods-diet-program\" class=\"sc_button sc_button color_style_link2\">Daha fazla bilgi<\/a><\/div>\n\t\t\t<\/div>\n<\/div>\n<\/div><div class=\"trx_addons_column-1_3\"><div class=\"sc_services_item with_content with_image sc_services_item_featured_top\">\n\t<div class=\"post_featured with_thumb hover_dots sc_services_item_thumb\"><img width=\"410\" height=\"218\" src=\"http:\/\/www.mokandanisman.com\/wp-content\/uploads\/2017\/10\/B\u0130L\u0130N\u00c7-ALTI-410x218.jpg\" class=\"attachment-gracioza-thumb-information size-gracioza-thumb-information wp-post-image\" alt=\"\" loading=\"lazy\" \/><div class=\"mask\"><\/div><a href=\"http:\/\/www.mokandanisman.com\/?cpt_services=body-fitness-guide\" aria-hidden=\"true\" class=\"icons\"><span><\/span><span><\/span><span><\/span><\/a><\/div>\t\n\t<div class=\"sc_services_item_info\">\n\t\t<div class=\"sc_services_item_header\">\n\t\t\t<h4 class=\"sc_services_item_title\"><a href=\"http:\/\/www.mokandanisman.com\/?cpt_services=body-fitness-guide\">B\u0130L\u0130N\u00c7 ALTININ B\u0130L\u0130NMEYENLER\u0130<\/a><\/h4>\n\t\t\t<div class=\"sc_services_item_subtitle\"><a href=\"http:\/\/www.mokandanisman.com\/?cpt_services_group=main-rules\" title=\"View all posts in Main Rules\">Main Rules<\/a><\/div>\n\t\t<\/div>\n\t\t\t\t\t<div class=\"sc_services_item_content\"><p>Bilin\u00e7alt\u0131 beynimizin, biz fark\u0131nda olmadan bilincimiz d\u0131\u015f\u0131 \u00e7al\u0131\u015fan, bedenimizin istemsiz kaslar\u0131n\u0131 y\u00f6neten, gece uyurken dahi v\u00fccut fonksiyonlar\u0131m\u0131z\u0131n \u00e7al\u0131\u015fmas\u0131n\u0131 sa\u011flayan, be\u015f duyumuzla alg\u0131lad\u0131\u011f\u0131m\u0131z her \u015feyi an be an kaydeden ve gerekti\u011finde&hellip;<\/p>\n<\/div>\n\t\t\t<div class=\"sc_services_item_button sc_item_button\"><a href=\"http:\/\/www.mokandanisman.com\/?cpt_services=body-fitness-guide\" class=\"sc_button sc_button color_style_link2\">Daha fazla bilgi<\/a><\/div>\n\t\t\t<\/div>\n<\/div>\n<\/div><div class=\"trx_addons_column-1_3\"><div class=\"sc_services_item with_content with_image sc_services_item_featured_top\">\n\t<div class=\"post_featured with_thumb hover_dots sc_services_item_thumb\"><img width=\"410\" height=\"218\" src=\"http:\/\/www.mokandanisman.com\/wp-content\/uploads\/2017\/10\/1850534-lSbB7O-410x218.jpg\" class=\"attachment-gracioza-thumb-information size-gracioza-thumb-information wp-post-image\" alt=\"\" loading=\"lazy\" \/><div class=\"mask\"><\/div><a href=\"http:\/\/www.mokandanisman.com\/?cpt_services=your-body-is-unique-and-you-should-love-it\" aria-hidden=\"true\" class=\"icons\"><span><\/span><span><\/span><span><\/span><\/a><\/div>\t\n\t<div class=\"sc_services_item_info\">\n\t\t<div class=\"sc_services_item_header\">\n\t\t\t<h4 class=\"sc_services_item_title\"><a href=\"http:\/\/www.mokandanisman.com\/?cpt_services=your-body-is-unique-and-you-should-love-it\">SA\u011eLIKLI BESLENME N\u0130\u00c7\u0130N \u00d6NEML\u0130<\/a><\/h4>\n\t\t\t<div class=\"sc_services_item_subtitle\"><a href=\"http:\/\/www.mokandanisman.com\/?cpt_services_group=main-rules\" title=\"View all posts in Main Rules\">Main Rules<\/a><\/div>\n\t\t<\/div>\n\t\t\t\t\t<div class=\"sc_services_item_content\"><p>D\u00fcnya Sa\u011fl\u0131k \u00d6rg\u00fct\u00fc&#8217;n\u00fcn\u00a0&#8220;D\u00fcnya Sa\u011fl\u0131k \u0130statistikleri&#8221; raporuna g\u00f6re, d\u00fcnya genelinde ortalama ya\u015fam s\u00fcresi son 15 y\u0131lda\u00a0be\u015f y\u0131l uzad\u0131 ve 1960&#8217;l\u0131 y\u0131llardan bu yana en h\u0131zl\u0131 art\u0131\u015f ya\u015fand\u0131.<\/p>\n<\/div>\n\t\t\t<div class=\"sc_services_item_button sc_item_button\"><a href=\"http:\/\/www.mokandanisman.com\/?cpt_services=your-body-is-unique-and-you-should-love-it\" class=\"sc_button sc_button color_style_link2\">Daha fazla bilgi<\/a><\/div>\n\t\t\t<\/div>\n<\/div>\n<\/div><\/div><\/div><!-- \/.sc_services -->[vc_empty_space height=\"0\" hide_on_desktop=\"\" hide_on_notebook=\"\" hide_on_tablet=\"\" hide_on_mobile=\"\" css=\".vc_custom_1591020449346{margin-top: -0.65rem !important;}\"][\/vc_column][\/vc_row]<\/div>[\/vc_column][\/vc_row][vc_row][vc_column]<div class=\"sc_layouts sc_layouts_default sc_layouts_682\">[vc_row full_width=\"stretch_row_content_no_spaces\" equal_height=\"yes\" hide_bg_image_on_tablet=\"\" hide_bg_image_on_mobile=\"\"][vc_column width=\"5\/12\" hide_bg_image_on_tablet=\"\" hide_bg_image_on_mobile=\"\" icons_position=\"left\" css=\".vc_custom_1514387298965{background-image: url(http:\/\/www.mokandanisman.com\/wp-content\/uploads\/2017\/10\/home2_calculator.jpg?id=457) !important;background-position: top left !important;background-repeat: no-repeat !important;background-size: cover !important;}\" offset=\"vc_col-md-5 vc_hidden-sm vc_hidden-xs\"][\/vc_column][vc_column scheme=\"dark\" hide_bg_image_on_tablet=\"\" hide_bg_image_on_mobile=\"\" icons_position=\"left\" css=\".vc_custom_1514387311560{background-color: #213670 !important;}\" offset=\"vc_col-md-7\"]<div id=\"sc_content_431478161\"\n\t\tclass=\"sc_content color_style_default sc_content_default sc_content_width_1_2 sc_float_left sc_shift_x_medium\"><div class=\"sc_content_container\">[vc_empty_space alter_height=\"huge\" hide_on_desktop=\"\" hide_on_notebook=\"\" hide_on_tablet=\"\" hide_on_mobile=\"\" css=\".vc_custom_1513602721304{margin-top: 0.9rem !important;}\"]<div id=\"sc_title_1880769181\"\n\t\tclass=\"sc_title color_style_default scheme_dark sc_title_default\"><h3 class=\"sc_item_title sc_title_title sc_align_left sc_item_title_style_default\">\u0130deal Kilo Hesap Makinesi<\/h3><\/div><!-- \/.sc_title -->[vc_empty_space alter_height=\"small\" hide_on_desktop=\"\" hide_on_notebook=\"\" hide_on_tablet=\"\" hide_on_mobile=\"\" css=\".vc_custom_1513602834367{margin-top: -0.25rem !important;}\"][vc_tta_tabs active_section=\"1\" el_class=\"w_calculator\"][vc_tta_section title=\"Metrik Birim\" tab_id=\"1522393977251-73bf780a-bc26\"]<form name=\"cp_calculatedfieldsf_pform_1\" id=\"cp_calculatedfieldsf_pform_1\" action=\"?\" method=\"post\" enctype=\"multipart\/form-data\" class=\"cff-form \">\r\n<input type=\"hidden\" name=\"cp_calculatedfieldsf_pform_psequence\" value=\"_1\" \/>\r\n<input type=\"hidden\" name=\"cp_calculatedfieldsf_id\" value=\"3\" \/><pre style=\"display:none !important;\"><script type=\"text\/javascript\">form_structure_1=[[{\"form_identifier\":\"\",\"name\":\"fieldname7\",\"shortlabel\":\"\",\"index\":0,\"ftype\":\"fdiv\",\"userhelp\":\"\",\"userhelpTooltip\":false,\"csslayout\":\"\",\"fields\":[\"fieldname2\",\"fieldname6\"],\"columns\":1,\"title\":\"div\",\"collapsed\":false,\"fBuild\":{},\"parent\":\"\"},{\"form_identifier\":\"\",\"name\":\"fieldname6\",\"shortlabel\":\"\",\"index\":1,\"ftype\":\"fCommentArea\",\"userhelp\":\"Erkek: (boy - 100)*0.90\\u003Cbr \\\/\\u003EKad\\u0131n: (boy - 100)*0.85\",\"userhelpTooltip\":false,\"csslayout\":\"cff_formula\",\"title\":\"Kullan\\u0131lan f\\u00f6rm\\u00fcl:\",\"fBuild\":{},\"parent\":\"fieldname7\"},{\"form_identifier\":\"\",\"name\":\"fieldname2\",\"shortlabel\":\"\",\"index\":2,\"ftype\":\"fnumber\",\"userhelp\":\"santimetre\",\"userhelpTooltip\":false,\"csslayout\":\"cff_height\",\"title\":\"Boy\",\"predefined\":\"180\",\"predefinedClick\":false,\"required\":false,\"readonly\":false,\"size\":\"large\",\"thousandSeparator\":\"\",\"decimalSymbol\":\".\",\"min\":\"30\",\"max\":\"250\",\"formatDynamically\":false,\"dformat\":\"number\",\"formats\":[\"digits\",\"number\"],\"fBuild\":{},\"parent\":\"fieldname7\"},{\"form_identifier\":\"\",\"name\":\"fieldname8\",\"shortlabel\":\"\",\"index\":3,\"ftype\":\"fdiv\",\"userhelp\":\"\",\"userhelpTooltip\":false,\"csslayout\":\"\",\"fields\":[\"fieldname3\",\"fieldname4\"],\"columns\":1,\"title\":\"div\",\"collapsed\":false,\"fBuild\":{},\"parent\":\"\"},{\"dependencies\":[{\"rule\":\"\",\"complex\":false,\"fields\":[\"\"]}],\"form_identifier\":\"\",\"name\":\"fieldname4\",\"shortlabel\":\"\",\"index\":4,\"ftype\":\"fCalculated\",\"userhelp\":\"\",\"userhelpTooltip\":false,\"csslayout\":\"cff_result\",\"title\":\"\\u0130deal Kilo\",\"predefined\":\"\",\"required\":false,\"size\":\"large\",\"toolbar\":\"default|mathematical\",\"eq\":\"(fieldname2-100)*(fieldname3=='Erkek'?0.90:0.85)\",\"suffix\":\"KG\",\"prefix\":\"\",\"decimalsymbol\":\".\",\"groupingsymbol\":\"\",\"readonly\":true,\"hidefield\":false,\"fBuild\":{},\"parent\":\"fieldname8\"},{\"form_identifier\":\"\",\"name\":\"fieldname3\",\"shortlabel\":\"\",\"index\":5,\"ftype\":\"fdropdown\",\"userhelp\":\"\",\"userhelpTooltip\":false,\"csslayout\":\"cff_sex\",\"title\":\"Cinsiyet\",\"size\":\"large\",\"required\":false,\"toSubmit\":\"text\",\"merge\":0,\"choiceSelected\":\"Male\",\"multiple\":false,\"vChoices\":1,\"showDep\":false,\"choices\":[\"Erkek\",\"Kad\\u0131n\"],\"fBuild\":{},\"parent\":\"fieldname8\",\"choicesVal\":[\"Erkek\",\"Kad\\u0131n\"],\"choicesDep\":[[],[]],\"optgroup\":[false,false]}],{\"0\":{\"title\":\"\",\"description\":\"\",\"formlayout\":\"top_aligned\",\"formtemplate\":\"\",\"evalequations\":1,\"autocomplete\":1,\"persistence\":0,\"customstyles\":\"\",\"evalequationsevent\":2},\"formid\":\"cp_calculatedfieldsf_pform_1\"}];<\/script><\/pre>\r\n<div id=\"fbuilder\">\r\n\t\t<div id=\"fbuilder_1\">\r\n\t\t<div id=\"formheader_1\"><\/div>\r\n\t\t<div id=\"fieldlist_1\"><\/div>\r\n        <div class=\"clearer\"><\/div>\r\n\t<\/div>\r\n<\/div>\r\n<div class=\"clearer\"><\/div>\r\n<\/form>\r\n[\/vc_tta_section][vc_tta_section title=\"Amerikan Birim\" tab_id=\"1522393977288-cf13f373-c876\" el_class=\"usunits\"]<form name=\"cp_calculatedfieldsf_pform_2\" id=\"cp_calculatedfieldsf_pform_2\" action=\"?\" method=\"post\" enctype=\"multipart\/form-data\" class=\"cff-form \">\r\n<input type=\"hidden\" name=\"cp_calculatedfieldsf_pform_psequence\" value=\"_2\" \/>\r\n<input type=\"hidden\" name=\"cp_calculatedfieldsf_id\" value=\"6\" \/><pre style=\"display:none !important;\"><script type=\"text\/javascript\">form_structure_2=[[{\"form_identifier\":\"\",\"name\":\"fieldname7\",\"shortlabel\":\"\",\"index\":0,\"ftype\":\"fdiv\",\"userhelp\":\"\",\"userhelpTooltip\":false,\"csslayout\":\"\",\"fields\":[\"fieldname2\",\"fieldname9\",\"fieldname6\"],\"columns\":1,\"title\":\"div\",\"collapsed\":false,\"fBuild\":{},\"parent\":\"\"},{\"form_identifier\":\"\",\"name\":\"fieldname2\",\"shortlabel\":\"\",\"index\":1,\"ftype\":\"fnumber\",\"userhelp\":\"feet\",\"userhelpTooltip\":false,\"csslayout\":\"cff_height\",\"title\":\"Boy\",\"predefined\":\"6\",\"predefinedClick\":false,\"required\":false,\"readonly\":false,\"size\":\"large\",\"thousandSeparator\":\"\",\"decimalSymbol\":\".\",\"min\":\"4\",\"max\":\"8\",\"formatDynamically\":false,\"dformat\":\"number\",\"formats\":[\"digits\",\"number\"],\"fBuild\":{},\"parent\":\"fieldname7\"},{\"form_identifier\":\"\",\"name\":\"fieldname9\",\"shortlabel\":\"\",\"index\":2,\"ftype\":\"fnumber\",\"userhelp\":\"inches\",\"userhelpTooltip\":false,\"csslayout\":\"cff_height\",\"title\":\"\",\"predefined\":\"0\",\"predefinedClick\":false,\"required\":false,\"readonly\":false,\"size\":\"large\",\"thousandSeparator\":\"\",\"decimalSymbol\":\".\",\"min\":\"0\",\"max\":\"12\",\"formatDynamically\":false,\"dformat\":\"number\",\"formats\":[\"digits\",\"number\"],\"fBuild\":{},\"parent\":\"fieldname7\"},{\"form_identifier\":\"\",\"name\":\"fieldname6\",\"shortlabel\":\"\",\"index\":3,\"ftype\":\"fCommentArea\",\"userhelp\":\"Erkek: (boy - 100)*0.90\\u003Cbr \\\/\\u003EKad\\u0131n: (boy - 100)*0.85\",\"userhelpTooltip\":false,\"csslayout\":\"cff_formula\",\"title\":\"Kullan\\u0131lan Form\\u00fcl:\",\"fBuild\":{},\"parent\":\"fieldname7\"},{\"form_identifier\":\"\",\"name\":\"fieldname8\",\"shortlabel\":\"\",\"index\":4,\"ftype\":\"fdiv\",\"userhelp\":\"\",\"userhelpTooltip\":false,\"csslayout\":\"\",\"fields\":[\"fieldname3\",\"fieldname4\"],\"columns\":1,\"title\":\"div\",\"collapsed\":false,\"fBuild\":{},\"parent\":\"\"},{\"form_identifier\":\"\",\"name\":\"fieldname3\",\"shortlabel\":\"\",\"index\":5,\"ftype\":\"fdropdown\",\"userhelp\":\"\",\"userhelpTooltip\":false,\"csslayout\":\"cff_sex\",\"title\":\"Cinsiyet\",\"size\":\"large\",\"required\":false,\"toSubmit\":\"text\",\"merge\":0,\"choiceSelected\":\"Male\",\"multiple\":false,\"vChoices\":1,\"showDep\":false,\"choices\":[\"Erkek\",\"Kad\\u0131n\"],\"fBuild\":{},\"parent\":\"fieldname8\",\"choicesVal\":[\"Erkek\",\"Kad\\u0131n\"],\"choicesDep\":[[],[]],\"optgroup\":[false,false]},{\"dependencies\":[{\"rule\":\"\",\"complex\":false,\"fields\":[\"\"]}],\"form_identifier\":\"\",\"name\":\"fieldname4\",\"shortlabel\":\"\",\"index\":6,\"ftype\":\"fCalculated\",\"userhelp\":\"\",\"userhelpTooltip\":false,\"csslayout\":\"cff_result\",\"title\":\"\\u0130deal Kilo\",\"predefined\":\"\",\"required\":false,\"size\":\"large\",\"toolbar\":\"default|mathematical\",\"eq\":\"prec((fieldname2*30.48+fieldname9*2.54-100)*(fieldname3=='Erkek'?0.90:0.85)*2.20462,1)\",\"suffix\":\"LBS\",\"prefix\":\"\",\"decimalsymbol\":\".\",\"groupingsymbol\":\"\",\"readonly\":true,\"hidefield\":false,\"fBuild\":{},\"parent\":\"fieldname8\"}],{\"0\":{\"title\":\"\",\"description\":\"\",\"formlayout\":\"top_aligned\",\"formtemplate\":\"\",\"evalequations\":1,\"autocomplete\":1,\"persistence\":0,\"customstyles\":\"\",\"evalequationsevent\":2},\"formid\":\"cp_calculatedfieldsf_pform_2\"}];<\/script><\/pre>\r\n<div id=\"fbuilder\">\r\n\t\t<div id=\"fbuilder_2\">\r\n\t\t<div id=\"formheader_2\"><\/div>\r\n\t\t<div id=\"fieldlist_2\"><\/div>\r\n        <div class=\"clearer\"><\/div>\r\n\t<\/div>\r\n<\/div>\r\n<div class=\"clearer\"><\/div>\r\n<\/form>\r\n[\/vc_tta_section][\/vc_tta_tabs][vc_empty_space alter_height=\"huge\" hide_on_desktop=\"\" hide_on_notebook=\"\" hide_on_tablet=\"\" hide_on_mobile=\"\" css=\".vc_custom_1514279538278{margin-top: 0.2rem !important;}\"]<\/div><\/div><!-- \/.sc_content -->[\/vc_column][\/vc_row]<\/div>[\/vc_column][\/vc_row][vc_row][vc_column][\/vc_column][\/vc_row]<\/p>\n","protected":false},"excerpt":{"rendered":"<p>[vc_row full_width=&#8221;stretch_row_content_no_spaces&#8221;][vc_column][rev_slider_vc alias=&#8221;home2&#8243;][\/vc_column][\/vc_row][vc_row full_width=&#8221;stretch_row&#8221; hide_bg_image_on_tablet=&#8221;&#8221; hide_bg_image_on_mobile=&#8221;&#8221; css=&#8221;.vc_custom_1507811954673{background-color: #213670 !important;}&#8221;][vc_column][vc_empty_space alter_height=&#8221;medium&#8221; hide_on_desktop=&#8221;&#8221; hide_on_notebook=&#8221;&#8221; hide_on_tablet=&#8221;&#8221; hide_on_mobile=&#8221;&#8221; css=&#8221;.vc_custom_1514274680574{margin-top: 1.4rem !important;}&#8221;][\/vc_column][\/vc_row][vc_row full_width=&#8221;stretch_row&#8221; hide_bg_image_on_tablet=&#8221;&#8221; hide_bg_image_on_mobile=&#8221;&#8221; css=&#8221;.vc_custom_1514377959771{background-color: #f7f7f7 !important;}&#8221;][vc_column fix_column=&#8221;&#8221; hide_bg_image_on_tablet=&#8221;&#8221; hide_bg_image_on_mobile=&#8221;&#8221;][\/vc_column][\/vc_row][vc_row][vc_column][\/vc_column][\/vc_row][vc_row][vc_column][\/vc_column][\/vc_row]<\/p>\n","protected":false},"author":1,"featured_media":0,"parent":0,"menu_order":0,"comment_status":"closed","ping_status":"closed","template":"","meta":[],"_links":{"self":[{"href":"http:\/\/www.mokandanisman.com\/index.php?rest_route=\/wp\/v2\/pages\/449"}],"collection":[{"href":"http:\/\/www.mokandanisman.com\/index.php?rest_route=\/wp\/v2\/pages"}],"about":[{"href":"http:\/\/www.mokandanisman.com\/index.php?rest_route=\/wp\/v2\/types\/page"}],"author":[{"embeddable":true,"href":"http:\/\/www.mokandanisman.com\/index.php?rest_route=\/wp\/v2\/users\/1"}],"replies":[{"embeddable":true,"href":"http:\/\/www.mokandanisman.com\/index.php?rest_route=%2Fwp%2Fv2%2Fcomments&post=449"}],"version-history":[{"count":12,"href":"http:\/\/www.mokandanisman.com\/index.php?rest_route=\/wp\/v2\/pages\/449\/revisions"}],"predecessor-version":[{"id":1185,"href":"http:\/\/www.mokandanisman.com\/index.php?rest_route=\/wp\/v2\/pages\/449\/revisions\/1185"}],"wp:attachment":[{"href":"http:\/\/www.mokandanisman.com\/index.php?rest_route=%2Fwp%2Fv2%2Fmedia&parent=449"}],"curies":[{"name":"wp","href":"https:\/\/api.w.org\/{rel}","templated":true}]}}