{"id":378,"date":"2017-10-12T09:45:34","date_gmt":"2017-10-12T09:45:34","guid":{"rendered":"http:\/\/www.mokandanisman.com\/?page_id=378"},"modified":"2018-07-18T22:00:14","modified_gmt":"2018-07-18T22:00:14","slug":"about-us","status":"publish","type":"page","link":"http:\/\/www.mokandanisman.com\/?page_id=378","title":{"rendered":"B\u0130Z K\u0130M\u0130Z ?"},"content":{"rendered":"<p>[vc_row full_width=&#8221;stretch_row&#8221; hide_bg_image_on_tablet=&#8221;&#8221; hide_bg_image_on_mobile=&#8221;&#8221; css=&#8221;.vc_custom_1507797960836{background-color: #f7f7f7 !important;}&#8221;][vc_column css_animation=&#8221;fadeIn&#8221; fix_column=&#8221;&#8221; hide_bg_image_on_tablet=&#8221;&#8221; hide_bg_image_on_mobile=&#8221;&#8221;]<div class=\"sc_team color_style_default sc_team_short\"><h6 class=\"sc_item_subtitle sc_team_subtitle sc_align_center sc_item_title_style_default\">Deneyimli ve Profesyonel<\/h6><h3 class=\"sc_item_title sc_team_title sc_align_center sc_item_title_style_default\">Ekibimiz<\/h3><div class=\"sc_team_columns_wrap sc_item_columns trx_addons_columns_wrap columns_padding_bottom\"><div class=\"trx_addons_column-1_4\"><div class=\"sc_team_item\">\n\t\t<div class=\"sc_team_item_info\">\n\t\t<div class=\"sc_team_item_header\">\n\t\t\t<h4 class=\"sc_team_item_title\"><a href=\"http:\/\/www.mokandanisman.com\/?cpt_team=bos\">&#8211;<\/a><\/h4>\n\t\t\t<div class=\"sc_team_item_subtitle\"><\/div>\n\t\t<\/div>\n\t<\/div>\n<\/div>\n<\/div><div class=\"trx_addons_column-1_4\"><div class=\"sc_team_item\">\n\t<div class=\"post_featured sc_team_item_thumb trx_addons_hover trx_addons_hover_style_info\">\n\t\t\t\t\t\t\t\t\t\t<a href=\"http:\/\/www.mokandanisman.com\/?cpt_team=duygu-bilir\" aria-hidden=\"true\"><img width=\"300\" height=\"300\" src=\"http:\/\/www.mokandanisman.com\/wp-content\/uploads\/2017\/10\/ben-e1531947066926-300x300.jpg\" class=\"attachment-gracioza-thumb-team size-gracioza-thumb-team wp-post-image\" alt=\"\" loading=\"lazy\" srcset=\"http:\/\/www.mokandanisman.com\/wp-content\/uploads\/2017\/10\/ben-e1531947066926-300x300.jpg 300w, http:\/\/www.mokandanisman.com\/wp-content\/uploads\/2017\/10\/ben-e1531947066926-150x150.jpg 150w, http:\/\/www.mokandanisman.com\/wp-content\/uploads\/2017\/10\/ben-e1531947066926-130x130.jpg 130w, http:\/\/www.mokandanisman.com\/wp-content\/uploads\/2017\/10\/ben-e1531947066926-260x260.jpg 260w, http:\/\/www.mokandanisman.com\/wp-content\/uploads\/2017\/10\/ben-e1531947066926-370x370.jpg 370w\" sizes=\"(max-width: 300px) 100vw, 300px\" \/><\/a>\n\t\t\t\t\t<div class=\"trx_addons_hover_content\"><div class=\"sc_team_item_socials socials_wrap trx_addons_hover_info\"><a target=\"_blank\" href=\"https:\/\/www.facebook.com\/duygu%20bilir%20kale%20ak\u0131nal\/\" class=\"social_item social_item_style_icons social_item_type_icons\"><span class=\"social_icon social_icon_facebook\"><span class=\"icon-facebook\"><\/span><\/span><\/a><\/div><\/div><div class=\"trx_addons_hover_mask\"><\/div><\/div>\t<div class=\"sc_team_item_info\">\n\t\t<div class=\"sc_team_item_header\">\n\t\t\t<h4 class=\"sc_team_item_title\"><a href=\"http:\/\/www.mokandanisman.com\/?cpt_team=duygu-bilir\">Dyt. Duygu Bilir Kale Ak\u0131nal<\/a><\/h4>\n\t\t\t<div class=\"sc_team_item_subtitle\">D\u0130YET\u0130SYEN<\/div>\n\t\t<\/div>\n\t<\/div>\n<\/div>\n<\/div><div class=\"trx_addons_column-1_4\"><div class=\"sc_team_item\">\n\t<div class=\"post_featured sc_team_item_thumb trx_addons_hover trx_addons_hover_style_info\">\n\t\t\t\t\t\t\t\t\t\t<a href=\"http:\/\/www.mokandanisman.com\/?cpt_team=sevilay-cete\" aria-hidden=\"true\"><img width=\"300\" height=\"300\" src=\"http:\/\/www.mokandanisman.com\/wp-content\/uploads\/2017\/10\/28155769_185190342081147_9198026691811737600_n1-300x300.jpg\" class=\"attachment-gracioza-thumb-team size-gracioza-thumb-team wp-post-image\" alt=\"\" loading=\"lazy\" srcset=\"http:\/\/www.mokandanisman.com\/wp-content\/uploads\/2017\/10\/28155769_185190342081147_9198026691811737600_n1-300x300.jpg 300w, http:\/\/www.mokandanisman.com\/wp-content\/uploads\/2017\/10\/28155769_185190342081147_9198026691811737600_n1-150x150.jpg 150w, http:\/\/www.mokandanisman.com\/wp-content\/uploads\/2017\/10\/28155769_185190342081147_9198026691811737600_n1-130x130.jpg 130w, http:\/\/www.mokandanisman.com\/wp-content\/uploads\/2017\/10\/28155769_185190342081147_9198026691811737600_n1-260x260.jpg 260w\" sizes=\"(max-width: 300px) 100vw, 300px\" \/><\/a>\n\t\t\t\t\t<div class=\"trx_addons_hover_content\"><div class=\"sc_team_item_socials socials_wrap trx_addons_hover_info\"><a target=\"_blank\" href=\"https:\/\/www.facebook.com\/sevilay%20\u00e7ete%20kale\/\" class=\"social_item social_item_style_icons social_item_type_icons\"><span class=\"social_icon social_icon_facebook\"><span class=\"icon-facebook\"><\/span><\/span><\/a><\/div><\/div><div class=\"trx_addons_hover_mask\"><\/div><\/div>\t<div class=\"sc_team_item_info\">\n\t\t<div class=\"sc_team_item_header\">\n\t\t\t<h4 class=\"sc_team_item_title\"><a href=\"http:\/\/www.mokandanisman.com\/?cpt_team=sevilay-cete\">Sevilay \u00c7ete Kale<\/a><\/h4>\n\t\t\t<div class=\"sc_team_item_subtitle\">YA\u015eAM KO\u00c7U<\/div>\n\t\t<\/div>\n\t<\/div>\n<\/div>\n<\/div><\/div><\/div><!-- \/.sc_team -->[\/vc_column][\/vc_row]<\/p>\n","protected":false},"excerpt":{"rendered":"<p>[vc_row full_width=&#8221;stretch_row&#8221; hide_bg_image_on_tablet=&#8221;&#8221; hide_bg_image_on_mobile=&#8221;&#8221; css=&#8221;.vc_custom_1507797960836{background-color: #f7f7f7 !important;}&#8221;][vc_column css_animation=&#8221;fadeIn&#8221; fix_column=&#8221;&#8221; hide_bg_image_on_tablet=&#8221;&#8221; hide_bg_image_on_mobile=&#8221;&#8221;][\/vc_column][\/vc_row]<\/p>\n","protected":false},"author":1,"featured_media":0,"parent":449,"menu_order":0,"comment_status":"closed","ping_status":"closed","template":"","meta":[],"_links":{"self":[{"href":"http:\/\/www.mokandanisman.com\/index.php?rest_route=\/wp\/v2\/pages\/378"}],"collection":[{"href":"http:\/\/www.mokandanisman.com\/index.php?rest_route=\/wp\/v2\/pages"}],"about":[{"href":"http:\/\/www.mokandanisman.com\/index.php?rest_route=\/wp\/v2\/types\/page"}],"author":[{"embeddable":true,"href":"http:\/\/www.mokandanisman.com\/index.php?rest_route=\/wp\/v2\/users\/1"}],"replies":[{"embeddable":true,"href":"http:\/\/www.mokandanisman.com\/index.php?rest_route=%2Fwp%2Fv2%2Fcomments&post=378"}],"version-history":[{"count":15,"href":"http:\/\/www.mokandanisman.com\/index.php?rest_route=\/wp\/v2\/pages\/378\/revisions"}],"predecessor-version":[{"id":1019,"href":"http:\/\/www.mokandanisman.com\/index.php?rest_route=\/wp\/v2\/pages\/378\/revisions\/1019"}],"up":[{"embeddable":true,"href":"http:\/\/www.mokandanisman.com\/index.php?rest_route=\/wp\/v2\/pages\/449"}],"wp:attachment":[{"href":"http:\/\/www.mokandanisman.com\/index.php?rest_route=%2Fwp%2Fv2%2Fmedia&parent=378"}],"curies":[{"name":"wp","href":"https:\/\/api.w.org\/{rel}","templated":true}]}}