{"id":1121,"date":"2018-12-13T10:19:13","date_gmt":"2018-12-13T10:19:13","guid":{"rendered":"http:\/\/www.mokandanisman.com\/?page_id=1121"},"modified":"2019-01-17T22:16:28","modified_gmt":"2019-01-17T22:16:28","slug":"zayiflama-koc-lugu","status":"publish","type":"page","link":"http:\/\/www.mokandanisman.com\/?page_id=1121","title":{"rendered":"Zay\u0131flama Ko\u00e7\u2019 lu\u011fu"},"content":{"rendered":"<p>[vc_row][vc_column][vc_separator css=&#8221;.vc_custom_1547763347208{margin-top: 0px !important;margin-bottom: 0px !important;border-top-width: 0px !important;border-bottom-width: 0px !important;padding-top: 10px !important;padding-bottom: 30px !important;}&#8221;][vc_column_text]<\/p>\n<h3>Zay\u0131flama Ko\u00e7lu\u011fu<\/h3>\n<p>[\/vc_column_text][vc_separator css=&#8221;.vc_custom_1547763347208{margin-top: 0px !important;margin-bottom: 0px !important;border-top-width: 0px !important;border-bottom-width: 0px !important;padding-top: 10px !important;padding-bottom: 30px !important;}&#8221;][vc_column_text]<strong><em>&nbsp;<\/em><\/strong><\/p>\n<p><em>Bilin\u00e7alt\u0131 t\u00fcm organlar\u0131n orkestra \u015fefi gibidir. Hangi organ\u0131n hangi tonda hangi h\u0131zda \u00e7al\u0131\u015faca\u011f\u0131n\u0131 i\u015faret eden ana y\u00f6netim bilgisayar\u0131 olarak \u00e7al\u0131\u015ft\u0131\u011f\u0131 i\u00e7in, t\u00fcm organlar, ona verilen kodlar\u0131 harfiyen uygular, sorgulamaks\u0131z\u0131n.. <\/em><\/p>\n<p><em>Her fazla kilonun, kendini \u015fi\u015fman olarak tutman\u0131n bilin\u00e7alt\u0131nda bir nedeni vard\u0131r. De\u011fersizlik ve su\u00e7lanma korkular\u0131, veya kendini \u00e7irkin g\u00f6rme, veya 0-6 ya\u015f veya ergenlik d\u00f6nemi&nbsp; olu\u015fan negatif kodlar, insanda kilo almay\u0131 ve kilolu kalmay\u0131 sa\u011flar.. <\/em><\/p>\n<p><em>Bu nedenle, &nbsp;irade ile zorluklarla kilo verilse de, tekrar fazlas\u0131 ile kilo al\u0131nmas\u0131na \u00e7ok s\u0131k rastlanmaktad\u0131r..&nbsp; <\/em><\/p>\n<p><em>Bilin\u00e7alt\u0131nda bu negatif kodlamalardan ve korkulardan ar\u0131narak, kendi\u011filinden kilo verildi\u011fi gibi, bilin\u00e7alt\u0131nda telkin terapi ile, ya\u011f yakma h\u0131z\u0131 art\u0131r\u0131larak, ya\u011f yak\u0131c\u0131 etkenlerle, mide k\u00fc\u00e7\u00fcltme prosesleriyle, h\u0131zla ve kolay &nbsp;kilo verilmesi sa\u011flanmaktad\u0131r. <\/em><\/p>\n<p><em>Terapi alan ki\u015filerde i\u015ftah kayb\u0131, yemek konusunda isteksizlik ve ayr\u0131ca b\u00f6lgesel kilo kay\u0131plar\u0131 da olu\u015fmaktad\u0131r. <\/em><\/p>\n<p><em>\u00d6zellikle armut tipi kilo al\u0131\u015flarda kal\u00e7adaki ya\u011flar\u0131n \u00e7\u00f6z\u00fclmesinde, bilin\u00e7alt\u0131 temizlik ve telkin terapi y\u00f6ntemi ile, ba\u015far\u0131l\u0131 sonu\u00e7lar al\u0131nmaktad\u0131r. <\/em><\/p>\n<p><em>Bilin\u00e7alt\u0131 Telkin Terapi ile zay\u0131flaman\u0131n avantaj\u0131 ise, &nbsp;sadece kolayl\u0131kla, neredeyse yerken kilo vermenin yan\u0131 s\u0131ra, VER\u0130LEN K\u0130LOLARIN KALICI <\/em><em>olmas\u0131d\u0131r..&nbsp; \u00c7\u00fcnk\u00fc bilin\u00e7alt\u0131 kodlamalar\u0131 ile kilo verildi\u011fi i\u00e7in o kodlar s\u00fcreklili\u011fi sa\u011flamaktad\u0131r. <\/em><\/p>\n<p><em>\u00d6m\u00fcr boyu kilo verme sorunundan kurtulu\u015f, art\u0131k hayal de\u011fil..&nbsp; <\/em>[\/vc_column_text][\/vc_column][\/vc_row]<\/p>\n","protected":false},"excerpt":{"rendered":"<p>[vc_row][vc_column][vc_separator css=&#8221;.vc_custom_1547763347208{margin-top: 0px !important;margin-bottom: 0px !important;border-top-width: 0px !important;border-bottom-width: 0px !important;padding-top: 10px !important;padding-bottom: 30px !important;}&#8221;][vc_column_text] Zay\u0131flama Ko\u00e7lu\u011fu [\/vc_column_text][vc_separator css=&#8221;.vc_custom_1547763347208{margin-top: 0px !important;margin-bottom: 0px !important;border-top-width: 0px !important;border-bottom-width: 0px !important;padding-top: 10px !important;padding-bottom: 30px !important;}&#8221;][vc_column_text]&nbsp;&hellip;<\/p>\n","protected":false},"author":2,"featured_media":0,"parent":0,"menu_order":0,"comment_status":"closed","ping_status":"closed","template":"","meta":[],"_links":{"self":[{"href":"http:\/\/www.mokandanisman.com\/index.php?rest_route=\/wp\/v2\/pages\/1121"}],"collection":[{"href":"http:\/\/www.mokandanisman.com\/index.php?rest_route=\/wp\/v2\/pages"}],"about":[{"href":"http:\/\/www.mokandanisman.com\/index.php?rest_route=\/wp\/v2\/types\/page"}],"author":[{"embeddable":true,"href":"http:\/\/www.mokandanisman.com\/index.php?rest_route=\/wp\/v2\/users\/2"}],"replies":[{"embeddable":true,"href":"http:\/\/www.mokandanisman.com\/index.php?rest_route=%2Fwp%2Fv2%2Fcomments&post=1121"}],"version-history":[{"count":3,"href":"http:\/\/www.mokandanisman.com\/index.php?rest_route=\/wp\/v2\/pages\/1121\/revisions"}],"predecessor-version":[{"id":1177,"href":"http:\/\/www.mokandanisman.com\/index.php?rest_route=\/wp\/v2\/pages\/1121\/revisions\/1177"}],"wp:attachment":[{"href":"http:\/\/www.mokandanisman.com\/index.php?rest_route=%2Fwp%2Fv2%2Fmedia&parent=1121"}],"curies":[{"name":"wp","href":"https:\/\/api.w.org\/{rel}","templated":true}]}}